{"id":2,"date":"2015-07-21T16:22:48","date_gmt":"2015-07-21T22:22:48","guid":{"rendered":"http:\/\/www.sintradeua.org\/home\/?page_id=2"},"modified":"2019-11-14T11:26:03","modified_gmt":"2019-11-14T16:26:03","slug":"acercade","status":"publish","type":"page","link":"https:\/\/sintradeua.org\/co\/acercade\/","title":{"rendered":"Acerca de SintradeUA"},"content":{"rendered":"<div>\n<figure id=\"attachment_79\" aria-describedby=\"caption-attachment-79\" style=\"width: 66px\" class=\"wp-caption alignleft\"><img data-recalc-dims=\"1\" loading=\"lazy\" decoding=\"async\" data-attachment-id=\"79\" data-permalink=\"https:\/\/sintradeua.org\/co\/denuncia\/logo-3\/\" data-orig-file=\"https:\/\/i0.wp.com\/sintradeua.org\/co\/wp-content\/uploads\/2015\/05\/logo.png?fit=66%2C96&amp;ssl=1\" data-orig-size=\"66,96\" data-comments-opened=\"1\" data-image-meta=\"{&quot;aperture&quot;:&quot;0&quot;,&quot;credit&quot;:&quot;&quot;,&quot;camera&quot;:&quot;&quot;,&quot;caption&quot;:&quot;&quot;,&quot;created_timestamp&quot;:&quot;0&quot;,&quot;copyright&quot;:&quot;&quot;,&quot;focal_length&quot;:&quot;0&quot;,&quot;iso&quot;:&quot;0&quot;,&quot;shutter_speed&quot;:&quot;0&quot;,&quot;title&quot;:&quot;&quot;,&quot;orientation&quot;:&quot;0&quot;}\" data-image-title=\"SintradeUA\" data-image-description=\"&lt;p&gt;Sindicato de Trabajadores Administrativos y Acad\u00e9micos de la Universidad del Atlantico&lt;\/p&gt;\n\" data-image-caption=\"&lt;p&gt;Sindicato de Trabajadores Administrativos y Acad\u00e9micos de la Universidad del Atlantico&lt;\/p&gt;\n\" data-large-file=\"https:\/\/i0.wp.com\/sintradeua.org\/co\/wp-content\/uploads\/2015\/05\/logo.png?fit=66%2C96&amp;ssl=1\" class=\"wp-image-79 size-full\" src=\"https:\/\/i0.wp.com\/www.sintradeua.org\/co\/wp-content\/uploads\/2015\/05\/logo.png?resize=66%2C96&#038;ssl=1\" alt=\"Sindicato de Trabajadores Administrativos y Acad\u00e9micos de la Universidad del Atlantico\" width=\"66\" height=\"96\" \/><figcaption id=\"caption-attachment-79\" class=\"wp-caption-text\">Sindicato de Trabajadores Administrativos y Acad\u00e9micos de la Universidad del Atlantico<\/figcaption><\/figure><\/p>\n<p style=\"padding: 5px 5px 5px 5px;\">Somos un Sindicato Trabajadores y Docentes de la Universidad del Atl\u00e1ntico, unidos con fines y metas comunes, interesados en restablecer los derechos laborales de nuestros afiliados.<\/p>\n<p><strong>MISI\u00d3N:<\/strong><\/p>\n<p>Somos una Asociaci\u00f3n Sindical que lucha por el respeto y el cumplimiento de los Derechos Laborales de nuestros (as) Afiliados (as) y no afiliados (as).<\/p>\n<p>La misi\u00f3n o la raz\u00f3n de ser del Sindicato de Trabajadores Administrativos y Acad\u00e9micos de la Universidad del Atl\u00e1ntico, \u201cSINTRADEUA\u201d, perdurara fiel a los principios e intenciones de nuestros fundadores, orientada en su sentido m\u00e1s amplio a impulsar niveles crecientes de bienestar para nuestros afiliados, con el fin de satisfacer sus necesidades laborales y las de sus familias.<\/p>\n<p>Estamos comprometidos en buscar mecanismos que logren subsanar o complementar las debilidades econ\u00f3micas, f\u00edsicas, sociales, culturales y acad\u00e9micas que afectan a los trabajadores de la Universidad del Atl\u00e1ntico.<br \/>\nDe igual manera buscamos la democratizaci\u00f3n de los procesos acad\u00e9mico-administrativos para que existan las garant\u00edas de una educaci\u00f3n superior de calidad, donde exista equidad y respeto por los derechos de nuestros afiliados.<\/p>\n<p>&nbsp;<\/p>\n<p><strong>VISION:<\/strong><\/p>\n<p>Nos proyectamos a ser una Asociaci\u00f3n Sindical posicionada a nivel nacional e internacional y determinante en la lucha en procura del bienestar laboral de nuestros afiliados.<\/p>\n<p>&nbsp;<\/p>\n<p><strong>OBJETIVOS:<\/strong><\/p>\n<p>Mantener a nuestros (as) afiliados (as) y no afiliados (as) unidos y organizados luchando por su bienestar laboral, por un empleo estable, el reconocimiento de los derechos de libre asociaci\u00f3n y que las decisiones del Sindicato correspondan a un mayor grado de consenso.<\/p>\n<p>&nbsp;<\/p>\n<p><strong>VALORES:<\/strong><\/p>\n<p>Eficacia, Trabajo en equipo, Convivencia Social, Honradez, compromiso, solidaridad, humildad, bien com\u00fan.<\/p>\n<\/div>\n","protected":false},"excerpt":{"rendered":"<p>Somos un Sindicato Trabajadores y Docentes de la Universidad del Atl\u00e1ntico, unidos con fines y metas comunes, interesados en restablecer los derechos laborales de nuestros afiliados. MISI\u00d3N: Somos una Asociaci\u00f3n Sindical que lucha por el respeto y el cumplimiento de los Derechos Laborales de nuestros (as) Afiliados (as) y no afiliados (as). La misi\u00f3n o&#8230;<\/p>\n","protected":false},"author":1,"featured_media":79,"parent":0,"menu_order":0,"comment_status":"closed","ping_status":"closed","template":"","meta":{"advanced_seo_description":"","jetpack_seo_html_title":"","jetpack_seo_noindex":false,"jetpack_post_was_ever_published":false,"footnotes":""},"class_list":["post-2","page","type-page","status-publish","has-post-thumbnail","hentry"],"jetpack_sharing_enabled":true,"jetpack_shortlink":"https:\/\/wp.me\/PaSj5R-2","_links":{"self":[{"href":"https:\/\/sintradeua.org\/co\/wp-json\/wp\/v2\/pages\/2","targetHints":{"allow":["GET"]}}],"collection":[{"href":"https:\/\/sintradeua.org\/co\/wp-json\/wp\/v2\/pages"}],"about":[{"href":"https:\/\/sintradeua.org\/co\/wp-json\/wp\/v2\/types\/page"}],"author":[{"embeddable":true,"href":"https:\/\/sintradeua.org\/co\/wp-json\/wp\/v2\/users\/1"}],"replies":[{"embeddable":true,"href":"https:\/\/sintradeua.org\/co\/wp-json\/wp\/v2\/comments?post=2"}],"version-history":[{"count":1,"href":"https:\/\/sintradeua.org\/co\/wp-json\/wp\/v2\/pages\/2\/revisions"}],"predecessor-version":[{"id":4393,"href":"https:\/\/sintradeua.org\/co\/wp-json\/wp\/v2\/pages\/2\/revisions\/4393"}],"wp:featuredmedia":[{"embeddable":true,"href":"https:\/\/sintradeua.org\/co\/wp-json\/wp\/v2\/media\/79"}],"wp:attachment":[{"href":"https:\/\/sintradeua.org\/co\/wp-json\/wp\/v2\/media?parent=2"}],"curies":[{"name":"wp","href":"https:\/\/api.w.org\/{rel}","templated":true}]}}